{"id":246,"date":"2020-06-25T16:28:11","date_gmt":"2020-06-25T14:28:11","guid":{"rendered":"https:\/\/centrummalia.pl\/strona-glowna\/"},"modified":"2020-07-07T22:30:39","modified_gmt":"2020-07-07T20:30:39","slug":"strona-glowna","status":"publish","type":"page","link":"https:\/\/centrummalia.pl\/en\/","title":{"rendered":"Home"},"content":{"rendered":"","protected":false},"excerpt":{"rendered":"","protected":false},"author":2,"featured_media":0,"parent":0,"menu_order":0,"comment_status":"closed","ping_status":"closed","template":"page-home.php","meta":{"_acf_changed":false,"inline_featured_image":false,"footnotes":""},"acf":[],"yoast_head":"<!-- This site is optimized with the Yoast SEO plugin v24.5 - https:\/\/yoast.com\/wordpress\/plugins\/seo\/ -->\n<title>Home &#8226; Centrum Chirurgii Plastycznej Malia<\/title>\n<meta name=\"robots\" content=\"index, follow, max-snippet:-1, max-image-preview:large, max-video-preview:-1\" \/>\n<link rel=\"canonical\" href=\"https:\/\/centrummalia.pl\/en\/\" \/>\n<meta property=\"og:locale\" content=\"en_US\" \/>\n<meta property=\"og:type\" content=\"article\" \/>\n<meta property=\"og:title\" content=\"Home &#8226; Centrum Chirurgii Plastycznej Malia\" \/>\n<meta property=\"og:url\" content=\"https:\/\/centrummalia.pl\/en\/\" \/>\n<meta property=\"og:site_name\" content=\"Centrum Chirurgii Plastycznej Malia\" \/>\n<meta property=\"article:modified_time\" content=\"2020-07-07T20:30:39+00:00\" \/>\n<meta name=\"twitter:card\" content=\"summary_large_image\" \/>\n<script type=\"application\/ld+json\" class=\"yoast-schema-graph\">{\"@context\":\"https:\/\/schema.org\",\"@graph\":[{\"@type\":\"WebPage\",\"@id\":\"https:\/\/centrummalia.pl\/en\/\",\"url\":\"https:\/\/centrummalia.pl\/en\/\",\"name\":\"Home &#8226; Centrum Chirurgii Plastycznej Malia\",\"isPartOf\":{\"@id\":\"https:\/\/centrummalia.pl\/#website\"},\"datePublished\":\"2020-06-25T14:28:11+00:00\",\"dateModified\":\"2020-07-07T20:30:39+00:00\",\"inLanguage\":\"en-US\",\"potentialAction\":[{\"@type\":\"ReadAction\",\"target\":[\"https:\/\/centrummalia.pl\/en\/\"]}]},{\"@type\":\"WebSite\",\"@id\":\"https:\/\/centrummalia.pl\/#website\",\"url\":\"https:\/\/centrummalia.pl\/\",\"name\":\"Centrum Chirurgii Plastycznej Malia\",\"description\":\"Centrum Chirurgii Plastycznej Malia to jedna z niewielu klinik, kt\u00f3ra mo\u017ce pochwali\u0107 si\u0119 wieloletnim do\u015bwiadczeniem w operacjach z zakresu chirurgii plastycznej, rekonstrukcyjnej i estetycznej.\",\"publisher\":{\"@id\":\"https:\/\/centrummalia.pl\/#organization\"},\"potentialAction\":[{\"@type\":\"SearchAction\",\"target\":{\"@type\":\"EntryPoint\",\"urlTemplate\":\"https:\/\/centrummalia.pl\/?s={search_term_string}\"},\"query-input\":{\"@type\":\"PropertyValueSpecification\",\"valueRequired\":true,\"valueName\":\"search_term_string\"}}],\"inLanguage\":\"en-US\"},{\"@type\":\"Organization\",\"@id\":\"https:\/\/centrummalia.pl\/#organization\",\"name\":\"Centrum Chirurgii Plastycznej Malia\",\"url\":\"https:\/\/centrummalia.pl\/\",\"logo\":{\"@type\":\"ImageObject\",\"inLanguage\":\"en-US\",\"@id\":\"https:\/\/centrummalia.pl\/#\/schema\/logo\/image\/\",\"url\":\"https:\/\/centrummalia.pl\/wp-content\/uploads\/2022\/01\/malia_logo-wlasciwe-scaled.jpg\",\"contentUrl\":\"https:\/\/centrummalia.pl\/wp-content\/uploads\/2022\/01\/malia_logo-wlasciwe-scaled.jpg\",\"width\":2560,\"height\":1024,\"caption\":\"Centrum Chirurgii Plastycznej Malia\"},\"image\":{\"@id\":\"https:\/\/centrummalia.pl\/#\/schema\/logo\/image\/\"}}]}<\/script>\n<!-- \/ Yoast SEO plugin. -->","yoast_head_json":{"title":"Home &#8226; Centrum Chirurgii Plastycznej Malia","robots":{"index":"index","follow":"follow","max-snippet":"max-snippet:-1","max-image-preview":"max-image-preview:large","max-video-preview":"max-video-preview:-1"},"canonical":"https:\/\/centrummalia.pl\/en\/","og_locale":"en_US","og_type":"article","og_title":"Home &#8226; Centrum Chirurgii Plastycznej Malia","og_url":"https:\/\/centrummalia.pl\/en\/","og_site_name":"Centrum Chirurgii Plastycznej Malia","article_modified_time":"2020-07-07T20:30:39+00:00","twitter_card":"summary_large_image","schema":{"@context":"https:\/\/schema.org","@graph":[{"@type":"WebPage","@id":"https:\/\/centrummalia.pl\/en\/","url":"https:\/\/centrummalia.pl\/en\/","name":"Home &#8226; Centrum Chirurgii Plastycznej Malia","isPartOf":{"@id":"https:\/\/centrummalia.pl\/#website"},"datePublished":"2020-06-25T14:28:11+00:00","dateModified":"2020-07-07T20:30:39+00:00","inLanguage":"en-US","potentialAction":[{"@type":"ReadAction","target":["https:\/\/centrummalia.pl\/en\/"]}]},{"@type":"WebSite","@id":"https:\/\/centrummalia.pl\/#website","url":"https:\/\/centrummalia.pl\/","name":"Centrum Chirurgii Plastycznej Malia","description":"Centrum Chirurgii Plastycznej Malia to jedna z niewielu klinik, kt\u00f3ra mo\u017ce pochwali\u0107 si\u0119 wieloletnim do\u015bwiadczeniem w operacjach z zakresu chirurgii plastycznej, rekonstrukcyjnej i estetycznej.","publisher":{"@id":"https:\/\/centrummalia.pl\/#organization"},"potentialAction":[{"@type":"SearchAction","target":{"@type":"EntryPoint","urlTemplate":"https:\/\/centrummalia.pl\/?s={search_term_string}"},"query-input":{"@type":"PropertyValueSpecification","valueRequired":true,"valueName":"search_term_string"}}],"inLanguage":"en-US"},{"@type":"Organization","@id":"https:\/\/centrummalia.pl\/#organization","name":"Centrum Chirurgii Plastycznej Malia","url":"https:\/\/centrummalia.pl\/","logo":{"@type":"ImageObject","inLanguage":"en-US","@id":"https:\/\/centrummalia.pl\/#\/schema\/logo\/image\/","url":"https:\/\/centrummalia.pl\/wp-content\/uploads\/2022\/01\/malia_logo-wlasciwe-scaled.jpg","contentUrl":"https:\/\/centrummalia.pl\/wp-content\/uploads\/2022\/01\/malia_logo-wlasciwe-scaled.jpg","width":2560,"height":1024,"caption":"Centrum Chirurgii Plastycznej Malia"},"image":{"@id":"https:\/\/centrummalia.pl\/#\/schema\/logo\/image\/"}}]}},"_links":{"self":[{"href":"https:\/\/centrummalia.pl\/en\/wp-json\/wp\/v2\/pages\/246"}],"collection":[{"href":"https:\/\/centrummalia.pl\/en\/wp-json\/wp\/v2\/pages"}],"about":[{"href":"https:\/\/centrummalia.pl\/en\/wp-json\/wp\/v2\/types\/page"}],"author":[{"embeddable":true,"href":"https:\/\/centrummalia.pl\/en\/wp-json\/wp\/v2\/users\/2"}],"replies":[{"embeddable":true,"href":"https:\/\/centrummalia.pl\/en\/wp-json\/wp\/v2\/comments?post=246"}],"version-history":[{"count":1,"href":"https:\/\/centrummalia.pl\/en\/wp-json\/wp\/v2\/pages\/246\/revisions"}],"predecessor-version":[{"id":247,"href":"https:\/\/centrummalia.pl\/en\/wp-json\/wp\/v2\/pages\/246\/revisions\/247"}],"wp:attachment":[{"href":"https:\/\/centrummalia.pl\/en\/wp-json\/wp\/v2\/media?parent=246"}],"curies":[{"name":"wp","href":"https:\/\/api.w.org\/{rel}","templated":true}]}}